{"id":236,"date":"2024-02-08T02:05:15","date_gmt":"2024-02-08T01:05:15","guid":{"rendered":"https:\/\/studij-brodogradnje.fsb.unizg.hr\/?page_id=236"},"modified":"2024-11-26T07:57:57","modified_gmt":"2024-11-26T06:57:57","slug":"kontakt-2","status":"publish","type":"page","link":"https:\/\/studij-brodogradnje.fsb.unizg.hr\/?page_id=236","title":{"rendered":"Kontakt"},"content":{"rendered":"\n<div style=\"height:60px\" aria-hidden=\"true\" class=\"wp-block-spacer\"><\/div>\n\n\n\n<div class=\"wp-block-columns\">\n<div class=\"wp-block-column\">\n<p class=\"has-neve-link-color-color has-text-color has-medium-font-size\"><strong>Zavod za brodogradnju i pomorsku tehniku<\/strong><\/p>\n\n\n\n<p style=\"font-size:18px\">Fakultet strojarstva i brodogradnje<br>Sveu\u010dili\u0161ta u Zagrebu<br>Ivana Lu\u010di\u0107a 5, 10000 Zagreb, Hrvatska<br>Tel: +385 (1) 6168256<br>E-mail: <a href=\"mailto:zbrodo@fsb.hr\" target=\"_blank\" rel=\"noreferrer noopener\">zbrodo@fsb.hr<\/a> <\/p>\n\n\n\n<div style=\"height:30px\" aria-hidden=\"true\" class=\"wp-block-spacer\"><\/div>\n\n\n\n<figure class=\"wp-block-image size-large\"><img loading=\"lazy\" width=\"1024\" height=\"530\" src=\"https:\/\/studij-brodogradnje.fsb.unizg.hr\/wp-content\/uploads\/sites\/40\/2024\/02\/condura1-1024x530.png\" alt=\"\" class=\"wp-image-242\" srcset=\"https:\/\/studij-brodogradnje.fsb.unizg.hr\/wp-content\/uploads\/sites\/40\/2024\/02\/condura1-1024x530.png 1024w, https:\/\/studij-brodogradnje.fsb.unizg.hr\/wp-content\/uploads\/sites\/40\/2024\/02\/condura1-300x155.png 300w, https:\/\/studij-brodogradnje.fsb.unizg.hr\/wp-content\/uploads\/sites\/40\/2024\/02\/condura1-768x398.png 768w, https:\/\/studij-brodogradnje.fsb.unizg.hr\/wp-content\/uploads\/sites\/40\/2024\/02\/condura1-1536x795.png 1536w, https:\/\/studij-brodogradnje.fsb.unizg.hr\/wp-content\/uploads\/sites\/40\/2024\/02\/condura1.png 1775w\" sizes=\"(max-width: 1024px) 100vw, 1024px\" \/><\/figure>\n\n\n\n<ul class=\"wp-block-social-links\"><li class=\"wp-social-link wp-social-link-mail\"><a href=\"mailto:zbrodo@fsb.hr\" aria-label=\"Mail\"> <svg width=\"24\" height=\"24\" viewBox=\"0 0 24 24\" version=\"1.1\" xmlns=\"http:\/\/www.w3.org\/2000\/svg\" role=\"img\" aria-hidden=\"true\" focusable=\"false\"><path d=\"M20,4H4C2.895,4,2,4.895,2,6v12c0,1.105,0.895,2,2,2h16c1.105,0,2-0.895,2-2V6C22,4.895,21.105,4,20,4z M20,8.236l-8,4.882 L4,8.236V6h16V8.236z\"><\/path><\/svg><\/a><\/li>\n\n<li class=\"wp-social-link wp-social-link-feed\"><a href=\"https:\/\/www.fsb.unizg.hr\/index.php?fsbonline&#038;aktualno&#038;lang=hr\" aria-label=\"RSS Feed\"> <svg width=\"24\" height=\"24\" viewBox=\"0 0 24 24\" version=\"1.1\" xmlns=\"http:\/\/www.w3.org\/2000\/svg\" role=\"img\" aria-hidden=\"true\" focusable=\"false\"><path d=\"M2,8.667V12c5.515,0,10,4.485,10,10h3.333C15.333,14.637,9.363,8.667,2,8.667z M2,2v3.333 c9.19,0,16.667,7.477,16.667,16.667H22C22,10.955,13.045,2,2,2z M4.5,17C3.118,17,2,18.12,2,19.5S3.118,22,4.5,22S7,20.88,7,19.5 S5.882,17,4.5,17z\"><\/path><\/svg><\/a><\/li><\/ul>\n\n\n\n<div style=\"height:49px\" aria-hidden=\"true\" class=\"wp-block-spacer\"><\/div>\n<\/div>\n\n\n\n<div class=\"wp-block-column\">\n<figure class=\"wp-block-image size-large\"><img loading=\"lazy\" width=\"640\" height=\"960\" src=\"https:\/\/studij-brodogradnje.fsb.unizg.hr\/wp-content\/uploads\/sites\/40\/2024\/11\/sail1.jpg\" alt=\"\" class=\"wp-image-521\" srcset=\"https:\/\/studij-brodogradnje.fsb.unizg.hr\/wp-content\/uploads\/sites\/40\/2024\/11\/sail1.jpg 640w, https:\/\/studij-brodogradnje.fsb.unizg.hr\/wp-content\/uploads\/sites\/40\/2024\/11\/sail1-200x300.jpg 200w\" sizes=\"(max-width: 640px) 100vw, 640px\" \/><\/figure>\n\n\n\n<p class=\"has-text-align-right\" style=\"font-size:10px\">Photo by <a href=\"https:\/\/unsplash.com\/@raimondklavins?utm_content=creditCopyText&amp;utm_medium=referral&amp;utm_source=unsplash\">Raimond Klavins<\/a> on <a href=\"https:\/\/unsplash.com\/photos\/silhouette-of-ship-on-sea-during-sunset-unrGcAlGk8A?utm_content=creditCopyText&amp;utm_medium=referral&amp;utm_source=unsplash\">Unsplash<\/a><\/p>\n<\/div>\n<\/div>\n\n\n\n<div class=\"wp-block-columns\">\n<div class=\"wp-block-column\"><\/div>\n\n\n\n<div class=\"wp-block-column\"><\/div>\n<\/div>\n\n\n\n<p><\/p>\n","protected":false},"excerpt":{"rendered":"<p>Zavod za brodogradnju i pomorsku tehniku Fakultet strojarstva i brodogradnjeSveu\u010dili\u0161ta u ZagrebuIvana Lu\u010di\u0107a 5, 10000 Zagreb, HrvatskaTel: +385 (1) 6168256E-mail: zbrodo@fsb.hr Photo by Raimond Klavins on Unsplash<\/p>\n","protected":false},"author":80,"featured_media":0,"parent":0,"menu_order":0,"comment_status":"closed","ping_status":"closed","template":"","meta":{"neve_meta_sidebar":"","neve_meta_container":"","neve_meta_enable_content_width":"","neve_meta_content_width":0,"neve_meta_title_alignment":"","neve_meta_author_avatar":"","neve_post_elements_order":"","neve_meta_disable_header":"","neve_meta_disable_footer":"","neve_meta_disable_title":""},"yoast_head":"<!-- This site is optimized with the Yoast SEO plugin v15.9.2 - https:\/\/yoast.com\/wordpress\/plugins\/seo\/ -->\n<title>Kontakt - Zavod za brodogradnju i pomorsku tehniku<\/title>\n<meta name=\"robots\" content=\"index, follow, max-snippet:-1, max-image-preview:large, max-video-preview:-1\" \/>\n<link rel=\"canonical\" href=\"https:\/\/studij-brodogradnje.fsb.unizg.hr\/?page_id=236\" \/>\n<meta property=\"og:locale\" content=\"en_GB\" \/>\n<meta property=\"og:type\" content=\"article\" \/>\n<meta property=\"og:title\" content=\"Kontakt - Zavod za brodogradnju i pomorsku tehniku\" \/>\n<meta property=\"og:description\" content=\"Zavod za brodogradnju i pomorsku tehniku Fakultet strojarstva i brodogradnjeSveu\u010dili\u0161ta u ZagrebuIvana Lu\u010di\u0107a 5, 10000 Zagreb, HrvatskaTel: +385 (1) 6168256E-mail: zbrodo@fsb.hr Photo by Raimond Klavins on Unsplash\" \/>\n<meta property=\"og:url\" content=\"https:\/\/studij-brodogradnje.fsb.unizg.hr\/?page_id=236\" \/>\n<meta property=\"og:site_name\" content=\"Zavod za brodogradnju i pomorsku tehniku\" \/>\n<meta property=\"article:modified_time\" content=\"2024-11-26T06:57:57+00:00\" \/>\n<meta property=\"og:image\" content=\"https:\/\/studij-brodogradnje.fsb.unizg.hr\/wp-content\/uploads\/sites\/40\/2024\/02\/condura1-1024x530.png\" \/>\n<meta name=\"twitter:card\" content=\"summary_large_image\" \/>\n<meta name=\"twitter:label1\" content=\"Estimated reading time\">\n\t<meta name=\"twitter:data1\" content=\"1 minute\">\n<script type=\"application\/ld+json\" class=\"yoast-schema-graph\">{\"@context\":\"https:\/\/schema.org\",\"@graph\":[{\"@type\":\"WebSite\",\"@id\":\"https:\/\/studij-brodogradnje.fsb.unizg.hr\/#website\",\"url\":\"https:\/\/studij-brodogradnje.fsb.unizg.hr\/\",\"name\":\"Zavod za brodogradnju i pomorsku tehniku\",\"description\":\"Studij brodogradnje\",\"potentialAction\":[{\"@type\":\"SearchAction\",\"target\":\"https:\/\/studij-brodogradnje.fsb.unizg.hr\/?s={search_term_string}\",\"query-input\":\"required name=search_term_string\"}],\"inLanguage\":\"en-GB\"},{\"@type\":\"ImageObject\",\"@id\":\"https:\/\/studij-brodogradnje.fsb.unizg.hr\/?page_id=236#primaryimage\",\"inLanguage\":\"en-GB\",\"url\":\"https:\/\/studij-brodogradnje.fsb.unizg.hr\/wp-content\/uploads\/sites\/40\/2024\/02\/condura1.png\",\"width\":1775,\"height\":919},{\"@type\":\"WebPage\",\"@id\":\"https:\/\/studij-brodogradnje.fsb.unizg.hr\/?page_id=236#webpage\",\"url\":\"https:\/\/studij-brodogradnje.fsb.unizg.hr\/?page_id=236\",\"name\":\"Kontakt - Zavod za brodogradnju i pomorsku tehniku\",\"isPartOf\":{\"@id\":\"https:\/\/studij-brodogradnje.fsb.unizg.hr\/#website\"},\"primaryImageOfPage\":{\"@id\":\"https:\/\/studij-brodogradnje.fsb.unizg.hr\/?page_id=236#primaryimage\"},\"datePublished\":\"2024-02-08T01:05:15+00:00\",\"dateModified\":\"2024-11-26T06:57:57+00:00\",\"breadcrumb\":{\"@id\":\"https:\/\/studij-brodogradnje.fsb.unizg.hr\/?page_id=236#breadcrumb\"},\"inLanguage\":\"en-GB\",\"potentialAction\":[{\"@type\":\"ReadAction\",\"target\":[\"https:\/\/studij-brodogradnje.fsb.unizg.hr\/?page_id=236\"]}]},{\"@type\":\"BreadcrumbList\",\"@id\":\"https:\/\/studij-brodogradnje.fsb.unizg.hr\/?page_id=236#breadcrumb\",\"itemListElement\":[{\"@type\":\"ListItem\",\"position\":1,\"item\":{\"@type\":\"WebPage\",\"@id\":\"https:\/\/studij-brodogradnje.fsb.unizg.hr\/\",\"url\":\"https:\/\/studij-brodogradnje.fsb.unizg.hr\/\",\"name\":\"Home\"}},{\"@type\":\"ListItem\",\"position\":2,\"item\":{\"@type\":\"WebPage\",\"@id\":\"https:\/\/studij-brodogradnje.fsb.unizg.hr\/?page_id=236\",\"url\":\"https:\/\/studij-brodogradnje.fsb.unizg.hr\/?page_id=236\",\"name\":\"Kontakt\"}}]}]}<\/script>\n<!-- \/ Yoast SEO plugin. -->","_links":{"self":[{"href":"https:\/\/studij-brodogradnje.fsb.unizg.hr\/index.php?rest_route=\/wp\/v2\/pages\/236"}],"collection":[{"href":"https:\/\/studij-brodogradnje.fsb.unizg.hr\/index.php?rest_route=\/wp\/v2\/pages"}],"about":[{"href":"https:\/\/studij-brodogradnje.fsb.unizg.hr\/index.php?rest_route=\/wp\/v2\/types\/page"}],"author":[{"embeddable":true,"href":"https:\/\/studij-brodogradnje.fsb.unizg.hr\/index.php?rest_route=\/wp\/v2\/users\/80"}],"replies":[{"embeddable":true,"href":"https:\/\/studij-brodogradnje.fsb.unizg.hr\/index.php?rest_route=%2Fwp%2Fv2%2Fcomments&post=236"}],"version-history":[{"count":12,"href":"https:\/\/studij-brodogradnje.fsb.unizg.hr\/index.php?rest_route=\/wp\/v2\/pages\/236\/revisions"}],"predecessor-version":[{"id":538,"href":"https:\/\/studij-brodogradnje.fsb.unizg.hr\/index.php?rest_route=\/wp\/v2\/pages\/236\/revisions\/538"}],"wp:attachment":[{"href":"https:\/\/studij-brodogradnje.fsb.unizg.hr\/index.php?rest_route=%2Fwp%2Fv2%2Fmedia&parent=236"}],"curies":[{"name":"wp","href":"https:\/\/api.w.org\/{rel}","templated":true}]}}