{"id":35,"date":"2024-01-31T03:40:39","date_gmt":"2024-01-31T02:40:39","guid":{"rendered":"https:\/\/studij-brodogradnje.fsb.unizg.hr\/?page_id=35"},"modified":"2024-11-26T07:53:18","modified_gmt":"2024-11-26T06:53:18","slug":"home","status":"publish","type":"page","link":"https:\/\/studij-brodogradnje.fsb.unizg.hr\/","title":{"rendered":"Naslovna"},"content":{"rendered":"\n<div style=\"height:60px\" aria-hidden=\"true\" class=\"wp-block-spacer\"><\/div>\n\n\n\n<figure class=\"wp-block-image size-large\"><img loading=\"lazy\" width=\"1024\" height=\"305\" src=\"https:\/\/studij-brodogradnje.fsb.unizg.hr\/wp-content\/uploads\/sites\/40\/2024\/11\/arealcontship1-e1732603798622-1024x305.jpg\" alt=\"\" class=\"wp-image-531\" srcset=\"https:\/\/studij-brodogradnje.fsb.unizg.hr\/wp-content\/uploads\/sites\/40\/2024\/11\/arealcontship1-e1732603798622-1024x305.jpg 1024w, https:\/\/studij-brodogradnje.fsb.unizg.hr\/wp-content\/uploads\/sites\/40\/2024\/11\/arealcontship1-e1732603798622-300x89.jpg 300w, https:\/\/studij-brodogradnje.fsb.unizg.hr\/wp-content\/uploads\/sites\/40\/2024\/11\/arealcontship1-e1732603798622-768x228.jpg 768w, https:\/\/studij-brodogradnje.fsb.unizg.hr\/wp-content\/uploads\/sites\/40\/2024\/11\/arealcontship1-e1732603798622-1536x457.jpg 1536w, https:\/\/studij-brodogradnje.fsb.unizg.hr\/wp-content\/uploads\/sites\/40\/2024\/11\/arealcontship1-e1732603798622-2048x609.jpg 2048w\" sizes=\"(max-width: 1024px) 100vw, 1024px\" \/><\/figure>\n\n\n\n<div class=\"wp-block-columns\">\n<div class=\"wp-block-column\">\n<p><strong>Brodogradnja<\/strong> je multidisciplinarna struka koja temeljne brodogra\u0111evne discipline povezuje sa strojarstvom, elektrotehnikom i ra\u010dunarstvom, a ta znanja objedinjuje kori\u0161tenjem digitalnih tehnologija i uz primjenu suvremenih ra\u010dunalnih sustava.<\/p>\n\n\n\n<p><strong>Studij brodogradnje<\/strong> na Fakultetu strojarstva i brodogradnje (FSB) Sveu\u010dili\u0161ta u Zagrebu prilago\u0111en je izobrazbi prvostupnika i magistara in\u017eenjera brodogradnje op\u0107eg profila, koji mogu obavljati brojne i vrlo raznovrsne poslove iz podru\u010dja brodogradnje i pomorskih tehnologija, a ponajprije se to odnosi na projektiranje, izgradnju, opremanje i odr\u017eavanje razli\u010ditih vrsta brodova i pomorskih objekata primjenom ste\u010denog znanja i kori\u0161tenjem suvremenih tehnologija.<\/p>\n<\/div>\n\n\n\n<div class=\"wp-block-column\">\n<div class=\"wp-block-image\"><figure class=\"alignright size-large is-resized\"><img loading=\"lazy\" src=\"https:\/\/studij-brodogradnje.fsb.unizg.hr\/wp-content\/uploads\/sites\/40\/2024\/11\/shipsfromplane-1024x768.jpg\" alt=\"\" class=\"wp-image-492\" width=\"462\" height=\"347\" srcset=\"https:\/\/studij-brodogradnje.fsb.unizg.hr\/wp-content\/uploads\/sites\/40\/2024\/11\/shipsfromplane-1024x768.jpg 1024w, https:\/\/studij-brodogradnje.fsb.unizg.hr\/wp-content\/uploads\/sites\/40\/2024\/11\/shipsfromplane-300x225.jpg 300w, https:\/\/studij-brodogradnje.fsb.unizg.hr\/wp-content\/uploads\/sites\/40\/2024\/11\/shipsfromplane-768x576.jpg 768w, https:\/\/studij-brodogradnje.fsb.unizg.hr\/wp-content\/uploads\/sites\/40\/2024\/11\/shipsfromplane-1536x1152.jpg 1536w, https:\/\/studij-brodogradnje.fsb.unizg.hr\/wp-content\/uploads\/sites\/40\/2024\/11\/shipsfromplane.jpg 1920w\" sizes=\"(max-width: 462px) 100vw, 462px\" \/><\/figure><\/div>\n\n\n\n<p class=\"has-text-align-right\" style=\"font-size:10px\"><\/p>\n<\/div>\n<\/div>\n\n\n\n<div class=\"wp-block-columns\">\n<div class=\"wp-block-column\">\n<p>Studentima, nastavnicima i istra\u017eiva\u010dima dostupna je <strong>najnovija laboratorijska oprema<\/strong>, koja omogu\u0107ava nadopunu i potvrdu ste\u010denih teorijskih znanja kroz prakti\u010dni laboratorijski eksperimentalni rad. \u0160irina znanja ste\u010dena ovim studijskim programom, uz osobne stvarala\u010dke sposobnosti, omogu\u0107uju mladim in\u017eenjerima proiza\u0161lim iz &#8220;zagreba\u010dke \u0161kole brodogradnje&#8221; brzo zapo\u0161ljavanje u struci, sposobnost rje\u0161avanja svih izazova u podru\u010dju brodogra\u0111evne struke i pomorskih tehnologija te prilagodbu promjenama koje svakodnevno donosi razvoj znanosti i tehnike.<\/p>\n<\/div>\n\n\n\n<div class=\"wp-block-column\">\n<figure class=\"wp-block-image size-large\"><img loading=\"lazy\" width=\"1024\" height=\"768\" src=\"https:\/\/studij-brodogradnje.fsb.unizg.hr\/wp-content\/uploads\/sites\/40\/2024\/02\/bazen1-1024x768.jpg\" alt=\"\" class=\"wp-image-139\" srcset=\"https:\/\/studij-brodogradnje.fsb.unizg.hr\/wp-content\/uploads\/sites\/40\/2024\/02\/bazen1-1024x768.jpg 1024w, https:\/\/studij-brodogradnje.fsb.unizg.hr\/wp-content\/uploads\/sites\/40\/2024\/02\/bazen1-300x225.jpg 300w, https:\/\/studij-brodogradnje.fsb.unizg.hr\/wp-content\/uploads\/sites\/40\/2024\/02\/bazen1-768x576.jpg 768w, https:\/\/studij-brodogradnje.fsb.unizg.hr\/wp-content\/uploads\/sites\/40\/2024\/02\/bazen1-1536x1152.jpg 1536w, https:\/\/studij-brodogradnje.fsb.unizg.hr\/wp-content\/uploads\/sites\/40\/2024\/02\/bazen1-2048x1536.jpg 2048w\" sizes=\"(max-width: 1024px) 100vw, 1024px\" \/><\/figure>\n<\/div>\n<\/div>\n\n\n\n<p style=\"font-size:18px\">Upoznajte studij kroz na\u0161 YouTube kanal <a href=\"https:\/\/www.youtube.com\/@StudijBrodogradnje\" target=\"_blank\" rel=\"noreferrer noopener\"><strong>Studij brodogradnje<\/strong><\/a>.<\/p>\n\n\n\n<hr class=\"wp-block-separator has-text-color has-background has-neve-link-color-background-color has-neve-link-color-color is-style-default\" \/>\n\n\n\n<p class=\"has-text-align-center has-neve-link-color-color has-text-color has-medium-font-size\"><strong>\u0160to vas u\u010dimo?<\/strong><\/p>\n\n\n\n<figure class=\"wp-block-video aligncenter\"><video autoplay controls src=\"https:\/\/studij-brodogradnje.fsb.unizg.hr\/wp-content\/uploads\/sites\/40\/2024\/02\/Sto_vas_ucimo.mp4\"><\/video><\/figure>\n\n\n\n<hr class=\"wp-block-separator has-text-color has-background has-neve-link-color-background-color has-neve-link-color-color is-style-default\" \/>\n\n\n\n<p class=\"has-text-align-center has-neve-link-color-color has-text-color has-medium-font-size\"><strong>Modelska <strong>ispitivanja na bazenu<\/strong><\/strong><\/p>\n\n\n\n<figure class=\"wp-block-video aligncenter\"><video autoplay controls src=\"https:\/\/studij-brodogradnje.fsb.unizg.hr\/wp-content\/uploads\/sites\/40\/2024\/02\/Ispitivanja_resized-1.mp4\"><\/video><\/figure>\n\n\n\n<hr class=\"wp-block-separator has-text-color has-background has-neve-link-color-background-color has-neve-link-color-color is-style-default\" \/>\n\n\n\n<p class=\"has-text-align-center has-neve-link-color-color has-text-color has-medium-font-size\"><strong>Ra\u010dunalne simulacije<\/strong><\/p>\n\n\n\n<figure class=\"wp-block-video aligncenter\"><video autoplay controls src=\"https:\/\/studij-brodogradnje.fsb.unizg.hr\/wp-content\/uploads\/sites\/40\/2024\/02\/Simulacije_edited.mp4\"><\/video><\/figure>\n\n\n\n<div class=\"wp-block-columns\"><\/div>\n\n\n\n<p class=\"has-text-align-right\" style=\"font-size:10px\">Photos by <a href=\"https:\/\/unsplash.com\/@ventiviews?utm_content=creditCopyText&amp;utm_medium=referral&amp;utm_source=unsplash\">Venti Views<\/a> and <a href=\"https:\/\/unsplash.com\/@shawnanggg?utm_content=creditCopyText&amp;utm_medium=referral&amp;utm_source=unsplash\">Shawn<\/a>\u00a0on <a href=\"https:\/\/unsplash.com\/photos\/brown-and-white-ship-on-sea-during-daytime-gT4Oj3GtsWs?utm_content=creditCopyText&amp;utm_medium=referral&amp;utm_source=unsplash\">Unsplash<\/a><\/p>\n","protected":false},"excerpt":{"rendered":"<p>Brodogradnja je multidisciplinarna struka koja temeljne brodogra\u0111evne discipline povezuje sa strojarstvom, elektrotehnikom i ra\u010dunarstvom, a ta znanja objedinjuje kori\u0161tenjem digitalnih tehnologija i uz primjenu suvremenih ra\u010dunalnih sustava. Studij brodogradnje na Fakultetu strojarstva i brodogradnje (FSB) Sveu\u010dili\u0161ta u Zagrebu prilago\u0111en je izobrazbi prvostupnika i magistara in\u017eenjera brodogradnje op\u0107eg profila, koji mogu obavljati brojne i vrlo raznovrsne&hellip;&nbsp;<a href=\"https:\/\/studij-brodogradnje.fsb.unizg.hr\/\" rel=\"bookmark\">Read More &raquo;<span class=\"screen-reader-text\">Naslovna<\/span><\/a><\/p>\n","protected":false},"author":80,"featured_media":496,"parent":0,"menu_order":1,"comment_status":"closed","ping_status":"closed","template":"","meta":{"neve_meta_sidebar":"","neve_meta_container":"","neve_meta_enable_content_width":"","neve_meta_content_width":0,"neve_meta_title_alignment":"","neve_meta_author_avatar":"","neve_post_elements_order":"","neve_meta_disable_header":"","neve_meta_disable_footer":"","neve_meta_disable_title":""},"yoast_head":"<!-- This site is optimized with the Yoast SEO plugin v15.9.2 - https:\/\/yoast.com\/wordpress\/plugins\/seo\/ -->\n<title>Naslovna - Zavod za brodogradnju i pomorsku tehniku<\/title>\n<meta name=\"description\" content=\"Brodogradnja je multidisciplinarna struka koja temeljne brodogra\u0111evne discipline povezuje sa strojarstvom, elektrotehnikom i ra\u010dunarstvom, a ta znanja objedinjuje kori\u0161tenjem digitalnih tehnologija i uz primjenu suvremenih ra\u010dunalnih sustava.\" \/>\n<meta name=\"robots\" content=\"index, follow, max-snippet:-1, max-image-preview:large, max-video-preview:-1\" \/>\n<link rel=\"canonical\" href=\"https:\/\/studij-brodogradnje.fsb.unizg.hr\/\" \/>\n<meta property=\"og:locale\" content=\"en_GB\" \/>\n<meta property=\"og:type\" content=\"article\" \/>\n<meta property=\"og:title\" content=\"Naslovna - Zavod za brodogradnju i pomorsku tehniku\" \/>\n<meta property=\"og:description\" content=\"Brodogradnja je multidisciplinarna struka koja temeljne brodogra\u0111evne discipline povezuje sa strojarstvom, elektrotehnikom i ra\u010dunarstvom, a ta znanja objedinjuje kori\u0161tenjem digitalnih tehnologija i uz primjenu suvremenih ra\u010dunalnih sustava.\" \/>\n<meta property=\"og:url\" content=\"https:\/\/studij-brodogradnje.fsb.unizg.hr\/\" \/>\n<meta property=\"og:site_name\" content=\"Zavod za brodogradnju i pomorsku tehniku\" \/>\n<meta property=\"article:modified_time\" content=\"2024-11-26T06:53:18+00:00\" \/>\n<meta property=\"og:image\" content=\"https:\/\/studij-brodogradnje.fsb.unizg.hr\/wp-content\/uploads\/sites\/40\/2024\/11\/bkg2-1200x600-1.jpg\" \/>\n\t<meta property=\"og:image:width\" content=\"1200\" \/>\n\t<meta property=\"og:image:height\" content=\"600\" \/>\n<meta name=\"twitter:card\" content=\"summary_large_image\" \/>\n<meta name=\"twitter:label1\" content=\"Estimated reading time\">\n\t<meta name=\"twitter:data1\" content=\"2 minutes\">\n<script type=\"application\/ld+json\" class=\"yoast-schema-graph\">{\"@context\":\"https:\/\/schema.org\",\"@graph\":[{\"@type\":\"WebSite\",\"@id\":\"https:\/\/studij-brodogradnje.fsb.unizg.hr\/#website\",\"url\":\"https:\/\/studij-brodogradnje.fsb.unizg.hr\/\",\"name\":\"Zavod za brodogradnju i pomorsku tehniku\",\"description\":\"Studij brodogradnje\",\"potentialAction\":[{\"@type\":\"SearchAction\",\"target\":\"https:\/\/studij-brodogradnje.fsb.unizg.hr\/?s={search_term_string}\",\"query-input\":\"required name=search_term_string\"}],\"inLanguage\":\"en-GB\"},{\"@type\":\"ImageObject\",\"@id\":\"https:\/\/studij-brodogradnje.fsb.unizg.hr\/#primaryimage\",\"inLanguage\":\"en-GB\",\"url\":\"https:\/\/studij-brodogradnje.fsb.unizg.hr\/wp-content\/uploads\/sites\/40\/2024\/11\/bkg2-1200x600-1.jpg\",\"width\":1200,\"height\":600},{\"@type\":\"WebPage\",\"@id\":\"https:\/\/studij-brodogradnje.fsb.unizg.hr\/#webpage\",\"url\":\"https:\/\/studij-brodogradnje.fsb.unizg.hr\/\",\"name\":\"Naslovna - Zavod za brodogradnju i pomorsku tehniku\",\"isPartOf\":{\"@id\":\"https:\/\/studij-brodogradnje.fsb.unizg.hr\/#website\"},\"primaryImageOfPage\":{\"@id\":\"https:\/\/studij-brodogradnje.fsb.unizg.hr\/#primaryimage\"},\"datePublished\":\"2024-01-31T02:40:39+00:00\",\"dateModified\":\"2024-11-26T06:53:18+00:00\",\"description\":\"Brodogradnja je multidisciplinarna struka koja temeljne brodogra\\u0111evne discipline povezuje sa strojarstvom, elektrotehnikom i ra\\u010dunarstvom, a ta znanja objedinjuje kori\\u0161tenjem digitalnih tehnologija i uz primjenu suvremenih ra\\u010dunalnih sustava.\",\"breadcrumb\":{\"@id\":\"https:\/\/studij-brodogradnje.fsb.unizg.hr\/#breadcrumb\"},\"inLanguage\":\"en-GB\",\"potentialAction\":[{\"@type\":\"ReadAction\",\"target\":[\"https:\/\/studij-brodogradnje.fsb.unizg.hr\/\"]}]},{\"@type\":\"BreadcrumbList\",\"@id\":\"https:\/\/studij-brodogradnje.fsb.unizg.hr\/#breadcrumb\",\"itemListElement\":[{\"@type\":\"ListItem\",\"position\":1,\"item\":{\"@type\":\"WebPage\",\"@id\":\"https:\/\/studij-brodogradnje.fsb.unizg.hr\/\",\"url\":\"https:\/\/studij-brodogradnje.fsb.unizg.hr\/\",\"name\":\"Home\"}},{\"@type\":\"ListItem\",\"position\":2,\"item\":{\"@type\":\"WebPage\",\"@id\":\"https:\/\/studij-brodogradnje.fsb.unizg.hr\/\",\"url\":\"https:\/\/studij-brodogradnje.fsb.unizg.hr\/\",\"name\":\"Naslovna\"}}]}]}<\/script>\n<!-- \/ Yoast SEO plugin. -->","_links":{"self":[{"href":"https:\/\/studij-brodogradnje.fsb.unizg.hr\/index.php?rest_route=\/wp\/v2\/pages\/35"}],"collection":[{"href":"https:\/\/studij-brodogradnje.fsb.unizg.hr\/index.php?rest_route=\/wp\/v2\/pages"}],"about":[{"href":"https:\/\/studij-brodogradnje.fsb.unizg.hr\/index.php?rest_route=\/wp\/v2\/types\/page"}],"author":[{"embeddable":true,"href":"https:\/\/studij-brodogradnje.fsb.unizg.hr\/index.php?rest_route=\/wp\/v2\/users\/80"}],"replies":[{"embeddable":true,"href":"https:\/\/studij-brodogradnje.fsb.unizg.hr\/index.php?rest_route=%2Fwp%2Fv2%2Fcomments&post=35"}],"version-history":[{"count":41,"href":"https:\/\/studij-brodogradnje.fsb.unizg.hr\/index.php?rest_route=\/wp\/v2\/pages\/35\/revisions"}],"predecessor-version":[{"id":535,"href":"https:\/\/studij-brodogradnje.fsb.unizg.hr\/index.php?rest_route=\/wp\/v2\/pages\/35\/revisions\/535"}],"wp:featuredmedia":[{"embeddable":true,"href":"https:\/\/studij-brodogradnje.fsb.unizg.hr\/index.php?rest_route=\/wp\/v2\/media\/496"}],"wp:attachment":[{"href":"https:\/\/studij-brodogradnje.fsb.unizg.hr\/index.php?rest_route=%2Fwp%2Fv2%2Fmedia&parent=35"}],"curies":[{"name":"wp","href":"https:\/\/api.w.org\/{rel}","templated":true}]}}