{"id":55,"date":"2024-01-31T15:28:00","date_gmt":"2024-01-31T13:28:00","guid":{"rendered":"https:\/\/studij-brodogradnje.fsb.unizg.hr\/?page_id=55"},"modified":"2024-11-26T08:34:22","modified_gmt":"2024-11-26T07:34:22","slug":"husb","status":"publish","type":"page","link":"https:\/\/studij-brodogradnje.fsb.unizg.hr\/?page_id=55","title":{"rendered":"HUSB"},"content":{"rendered":"\n<div style=\"height:60px\" aria-hidden=\"true\" class=\"wp-block-spacer\"><\/div>\n\n\n\n<div class=\"wp-block-columns\">\n<div class=\"wp-block-column\" style=\"flex-basis:66.66%\">\n<p><strong>Hrvatsko udru\u017eenje studenata brodogradnje (HUSB)<\/strong> je udruga osnovana 1996. godine na Fakultetu strojarstva i brodogradnje. Ciljevi udruge su djelatna skrb za ostvarivanje prosvjetnih, dru\u0161tvenih, kulturnih i drugih interesa studenata brodogradnje, poma\u017ee studentima u ostvarivanju svojih prava te organizira kulturno-umjetni\u010dke, zabavne i sportske aktivnosti.<br>Udruga poma\u017ee u ostvarivanju studentskih projekata te organizira odlaske na me\u0111unarodna studentska natjecanja. Okuplja gotovo sve studente brodogradnje. Udruga broji 50-ak aktivnih \u010dlanova. Pod aktivnim \u010dlanovima podrazumijevaju se studenti koji studiraju i poma\u017eu rad udruge. Udruga je neprofitabilna te uvelike ovisi o donacijama i sponzorstvima.<\/p>\n\n\n\n<p><a href=\"https:\/\/www.facebook.com\/HrvatskoUdruzenjeStudenataBrodogradnje\/\">https:\/\/www.facebook.com\/HrvatskoUdruzenjeStudenataBrodogradnje\/<\/a><\/p>\n\n\n\n<p><a href=\"https:\/\/www.instagram.com\/husb.fsb\/?hl=en\">https:\/\/www.instagram.com\/husb.fsb\/?hl=en<\/a><\/p>\n\n\n\n<p><a href=\"https:\/\/www.linkedin.com\/company\/husb\/about\/\">https:\/\/www.linkedin.com\/company\/husb\/about\/<\/a><\/p>\n\n\n\n<figure class=\"wp-block-gallery columns-2 is-cropped\"><ul class=\"blocks-gallery-grid\"><li class=\"blocks-gallery-item\"><figure><img loading=\"lazy\" width=\"1024\" height=\"768\" src=\"https:\/\/studij-brodogradnje.fsb.unizg.hr\/wp-content\/uploads\/sites\/40\/2024\/02\/husb1-1024x768.jpg\" alt=\"\" data-id=\"258\" data-full-url=\"https:\/\/studij-brodogradnje.fsb.unizg.hr\/wp-content\/uploads\/sites\/40\/2024\/02\/husb1.jpg\" data-link=\"https:\/\/studij-brodogradnje.fsb.unizg.hr\/?attachment_id=258\" class=\"wp-image-258\" srcset=\"https:\/\/studij-brodogradnje.fsb.unizg.hr\/wp-content\/uploads\/sites\/40\/2024\/02\/husb1-1024x768.jpg 1024w, https:\/\/studij-brodogradnje.fsb.unizg.hr\/wp-content\/uploads\/sites\/40\/2024\/02\/husb1-300x225.jpg 300w, https:\/\/studij-brodogradnje.fsb.unizg.hr\/wp-content\/uploads\/sites\/40\/2024\/02\/husb1-768x576.jpg 768w, https:\/\/studij-brodogradnje.fsb.unizg.hr\/wp-content\/uploads\/sites\/40\/2024\/02\/husb1-1536x1152.jpg 1536w, https:\/\/studij-brodogradnje.fsb.unizg.hr\/wp-content\/uploads\/sites\/40\/2024\/02\/husb1.jpg 1600w\" sizes=\"(max-width: 1024px) 100vw, 1024px\" \/><\/figure><\/li><li class=\"blocks-gallery-item\"><figure><img loading=\"lazy\" width=\"1024\" height=\"768\" src=\"https:\/\/studij-brodogradnje.fsb.unizg.hr\/wp-content\/uploads\/sites\/40\/2024\/02\/husb2-1024x768.jpg\" alt=\"\" data-id=\"259\" data-full-url=\"https:\/\/studij-brodogradnje.fsb.unizg.hr\/wp-content\/uploads\/sites\/40\/2024\/02\/husb2.jpg\" data-link=\"https:\/\/studij-brodogradnje.fsb.unizg.hr\/?attachment_id=259\" class=\"wp-image-259\" srcset=\"https:\/\/studij-brodogradnje.fsb.unizg.hr\/wp-content\/uploads\/sites\/40\/2024\/02\/husb2-1024x768.jpg 1024w, https:\/\/studij-brodogradnje.fsb.unizg.hr\/wp-content\/uploads\/sites\/40\/2024\/02\/husb2-300x225.jpg 300w, https:\/\/studij-brodogradnje.fsb.unizg.hr\/wp-content\/uploads\/sites\/40\/2024\/02\/husb2-768x576.jpg 768w, https:\/\/studij-brodogradnje.fsb.unizg.hr\/wp-content\/uploads\/sites\/40\/2024\/02\/husb2-1536x1152.jpg 1536w, https:\/\/studij-brodogradnje.fsb.unizg.hr\/wp-content\/uploads\/sites\/40\/2024\/02\/husb2.jpg 2000w\" sizes=\"(max-width: 1024px) 100vw, 1024px\" \/><\/figure><\/li><\/ul><\/figure>\n\n\n\n<p style=\"font-size:18px\"><strong>Rad udruge se bazira na dva trenutno aktivna projekta:<\/strong><\/p>\n<\/div>\n\n\n\n<div class=\"wp-block-column\" style=\"flex-basis:33.33%\">\n<figure class=\"wp-block-image size-large is-resized\"><img loading=\"lazy\" src=\"https:\/\/studij-brodogradnje.fsb.unizg.hr\/wp-content\/uploads\/sites\/40\/2024\/02\/HUSB_LOGO-1-150x150-2-e1731318913892.png\" alt=\"\" class=\"wp-image-247\" width=\"254\" height=\"290\" \/><\/figure>\n<\/div>\n<\/div>\n\n\n\n<div class=\"wp-block-columns\">\n<div class=\"wp-block-column\">\n<figure class=\"wp-block-image size-large\"><img loading=\"lazy\" width=\"1024\" height=\"576\" src=\"https:\/\/studij-brodogradnje.fsb.unizg.hr\/wp-content\/uploads\/sites\/40\/2024\/03\/pivski-1024x576-1.jpg\" alt=\"\" class=\"wp-image-310\" srcset=\"https:\/\/studij-brodogradnje.fsb.unizg.hr\/wp-content\/uploads\/sites\/40\/2024\/03\/pivski-1024x576-1.jpg 1024w, https:\/\/studij-brodogradnje.fsb.unizg.hr\/wp-content\/uploads\/sites\/40\/2024\/03\/pivski-1024x576-1-300x169.jpg 300w, https:\/\/studij-brodogradnje.fsb.unizg.hr\/wp-content\/uploads\/sites\/40\/2024\/03\/pivski-1024x576-1-768x432.jpg 768w\" sizes=\"(max-width: 1024px) 100vw, 1024px\" \/><\/figure>\n\n\n\n<p>Pivski Kup &#8211; najstarije studentsko sportsko natjecanje na Sveu\u010dili\u0161tu u Zagrebu. HUSB nastavlja tradiciju odr\u017eavanja nogometnog turnira \u201cPIVSKI KUP\u201d te je 2011. odr\u017ean jubilarni 60. po redu.<\/p>\n<\/div>\n\n\n\n<div class=\"wp-block-column\">\n<figure class=\"wp-block-image size-large\"><img loading=\"lazy\" width=\"1024\" height=\"576\" src=\"https:\/\/studij-brodogradnje.fsb.unizg.hr\/wp-content\/uploads\/sites\/40\/2024\/03\/DSC0476-1-1024x576-1.jpg\" alt=\"\" class=\"wp-image-309\" srcset=\"https:\/\/studij-brodogradnje.fsb.unizg.hr\/wp-content\/uploads\/sites\/40\/2024\/03\/DSC0476-1-1024x576-1.jpg 1024w, https:\/\/studij-brodogradnje.fsb.unizg.hr\/wp-content\/uploads\/sites\/40\/2024\/03\/DSC0476-1-1024x576-1-300x169.jpg 300w, https:\/\/studij-brodogradnje.fsb.unizg.hr\/wp-content\/uploads\/sites\/40\/2024\/03\/DSC0476-1-1024x576-1-768x432.jpg 768w\" sizes=\"(max-width: 1024px) 100vw, 1024px\" \/><\/figure>\n\n\n\n<p>Brodocikl &#8211; najpoznatije me\u0111unarodno studentsko natjecanje na kojem udruga sudjeluje je International Waterbike Regatta (IWR).<\/p>\n<\/div>\n<\/div>\n\n\n\n<p><\/p>\n","protected":false},"excerpt":{"rendered":"<p>Hrvatsko udru\u017eenje studenata brodogradnje (HUSB) je udruga osnovana 1996. godine na Fakultetu strojarstva i brodogradnje. Ciljevi udruge su djelatna skrb za ostvarivanje prosvjetnih, dru\u0161tvenih, kulturnih i drugih interesa studenata brodogradnje, poma\u017ee studentima u ostvarivanju svojih prava te organizira kulturno-umjetni\u010dke, zabavne i sportske aktivnosti.Udruga poma\u017ee u ostvarivanju studentskih projekata te organizira odlaske na me\u0111unarodna studentska natjecanja.&hellip;&nbsp;<a href=\"https:\/\/studij-brodogradnje.fsb.unizg.hr\/?page_id=55\" rel=\"bookmark\">Read More &raquo;<span class=\"screen-reader-text\">HUSB<\/span><\/a><\/p>\n","protected":false},"author":80,"featured_media":367,"parent":0,"menu_order":5,"comment_status":"closed","ping_status":"closed","template":"","meta":{"neve_meta_sidebar":"","neve_meta_container":"","neve_meta_enable_content_width":"","neve_meta_content_width":0,"neve_meta_title_alignment":"","neve_meta_author_avatar":"","neve_post_elements_order":"","neve_meta_disable_header":"","neve_meta_disable_footer":"","neve_meta_disable_title":""},"yoast_head":"<!-- This site is optimized with the Yoast SEO plugin v15.9.2 - https:\/\/yoast.com\/wordpress\/plugins\/seo\/ -->\n<title>HUSB - Zavod za brodogradnju i pomorsku tehniku<\/title>\n<meta name=\"robots\" content=\"index, follow, max-snippet:-1, max-image-preview:large, max-video-preview:-1\" \/>\n<link rel=\"canonical\" href=\"https:\/\/studij-brodogradnje.fsb.unizg.hr\/?page_id=55\" \/>\n<meta property=\"og:locale\" content=\"en_GB\" \/>\n<meta property=\"og:type\" content=\"article\" \/>\n<meta property=\"og:title\" content=\"HUSB - Zavod za brodogradnju i pomorsku tehniku\" \/>\n<meta property=\"og:description\" content=\"Hrvatsko udru\u017eenje studenata brodogradnje (HUSB) je udruga osnovana 1996. godine na Fakultetu strojarstva i brodogradnje. Ciljevi udruge su djelatna skrb za ostvarivanje prosvjetnih, dru\u0161tvenih, kulturnih i drugih interesa studenata brodogradnje, poma\u017ee studentima u ostvarivanju svojih prava te organizira kulturno-umjetni\u010dke, zabavne i sportske aktivnosti.Udruga poma\u017ee u ostvarivanju studentskih projekata te organizira odlaske na me\u0111unarodna studentska natjecanja.&hellip;&nbsp;Read More &raquo;HUSB\" \/>\n<meta property=\"og:url\" content=\"https:\/\/studij-brodogradnje.fsb.unizg.hr\/?page_id=55\" \/>\n<meta property=\"og:site_name\" content=\"Zavod za brodogradnju i pomorsku tehniku\" \/>\n<meta property=\"article:modified_time\" content=\"2024-11-26T07:34:22+00:00\" \/>\n<meta property=\"og:image\" content=\"https:\/\/studij-brodogradnje.fsb.unizg.hr\/wp-content\/uploads\/sites\/40\/2024\/11\/HUSB.jpg\" \/>\n\t<meta property=\"og:image:width\" content=\"640\" \/>\n\t<meta property=\"og:image:height\" content=\"360\" \/>\n<meta name=\"twitter:card\" content=\"summary_large_image\" \/>\n<meta name=\"twitter:label1\" content=\"Estimated reading time\">\n\t<meta name=\"twitter:data1\" content=\"2 minutes\">\n<script type=\"application\/ld+json\" class=\"yoast-schema-graph\">{\"@context\":\"https:\/\/schema.org\",\"@graph\":[{\"@type\":\"WebSite\",\"@id\":\"https:\/\/studij-brodogradnje.fsb.unizg.hr\/#website\",\"url\":\"https:\/\/studij-brodogradnje.fsb.unizg.hr\/\",\"name\":\"Zavod za brodogradnju i pomorsku tehniku\",\"description\":\"Studij brodogradnje\",\"potentialAction\":[{\"@type\":\"SearchAction\",\"target\":\"https:\/\/studij-brodogradnje.fsb.unizg.hr\/?s={search_term_string}\",\"query-input\":\"required name=search_term_string\"}],\"inLanguage\":\"en-GB\"},{\"@type\":\"ImageObject\",\"@id\":\"https:\/\/studij-brodogradnje.fsb.unizg.hr\/?page_id=55#primaryimage\",\"inLanguage\":\"en-GB\",\"url\":\"https:\/\/studij-brodogradnje.fsb.unizg.hr\/wp-content\/uploads\/sites\/40\/2024\/11\/HUSB.jpg\",\"width\":640,\"height\":360},{\"@type\":\"WebPage\",\"@id\":\"https:\/\/studij-brodogradnje.fsb.unizg.hr\/?page_id=55#webpage\",\"url\":\"https:\/\/studij-brodogradnje.fsb.unizg.hr\/?page_id=55\",\"name\":\"HUSB - Zavod za brodogradnju i pomorsku tehniku\",\"isPartOf\":{\"@id\":\"https:\/\/studij-brodogradnje.fsb.unizg.hr\/#website\"},\"primaryImageOfPage\":{\"@id\":\"https:\/\/studij-brodogradnje.fsb.unizg.hr\/?page_id=55#primaryimage\"},\"datePublished\":\"2024-01-31T13:28:00+00:00\",\"dateModified\":\"2024-11-26T07:34:22+00:00\",\"breadcrumb\":{\"@id\":\"https:\/\/studij-brodogradnje.fsb.unizg.hr\/?page_id=55#breadcrumb\"},\"inLanguage\":\"en-GB\",\"potentialAction\":[{\"@type\":\"ReadAction\",\"target\":[\"https:\/\/studij-brodogradnje.fsb.unizg.hr\/?page_id=55\"]}]},{\"@type\":\"BreadcrumbList\",\"@id\":\"https:\/\/studij-brodogradnje.fsb.unizg.hr\/?page_id=55#breadcrumb\",\"itemListElement\":[{\"@type\":\"ListItem\",\"position\":1,\"item\":{\"@type\":\"WebPage\",\"@id\":\"https:\/\/studij-brodogradnje.fsb.unizg.hr\/\",\"url\":\"https:\/\/studij-brodogradnje.fsb.unizg.hr\/\",\"name\":\"Home\"}},{\"@type\":\"ListItem\",\"position\":2,\"item\":{\"@type\":\"WebPage\",\"@id\":\"https:\/\/studij-brodogradnje.fsb.unizg.hr\/?page_id=55\",\"url\":\"https:\/\/studij-brodogradnje.fsb.unizg.hr\/?page_id=55\",\"name\":\"HUSB\"}}]}]}<\/script>\n<!-- \/ Yoast SEO plugin. -->","_links":{"self":[{"href":"https:\/\/studij-brodogradnje.fsb.unizg.hr\/index.php?rest_route=\/wp\/v2\/pages\/55"}],"collection":[{"href":"https:\/\/studij-brodogradnje.fsb.unizg.hr\/index.php?rest_route=\/wp\/v2\/pages"}],"about":[{"href":"https:\/\/studij-brodogradnje.fsb.unizg.hr\/index.php?rest_route=\/wp\/v2\/types\/page"}],"author":[{"embeddable":true,"href":"https:\/\/studij-brodogradnje.fsb.unizg.hr\/index.php?rest_route=\/wp\/v2\/users\/80"}],"replies":[{"embeddable":true,"href":"https:\/\/studij-brodogradnje.fsb.unizg.hr\/index.php?rest_route=%2Fwp%2Fv2%2Fcomments&post=55"}],"version-history":[{"count":12,"href":"https:\/\/studij-brodogradnje.fsb.unizg.hr\/index.php?rest_route=\/wp\/v2\/pages\/55\/revisions"}],"predecessor-version":[{"id":545,"href":"https:\/\/studij-brodogradnje.fsb.unizg.hr\/index.php?rest_route=\/wp\/v2\/pages\/55\/revisions\/545"}],"wp:featuredmedia":[{"embeddable":true,"href":"https:\/\/studij-brodogradnje.fsb.unizg.hr\/index.php?rest_route=\/wp\/v2\/media\/367"}],"wp:attachment":[{"href":"https:\/\/studij-brodogradnje.fsb.unizg.hr\/index.php?rest_route=%2Fwp%2Fv2%2Fmedia&parent=55"}],"curies":[{"name":"wp","href":"https:\/\/api.w.org\/{rel}","templated":true}]}}