{"id":92,"date":"2024-02-07T11:44:07","date_gmt":"2024-02-07T10:44:07","guid":{"rendered":"https:\/\/studij-brodogradnje.fsb.unizg.hr\/?page_id=92"},"modified":"2025-06-24T14:43:05","modified_gmt":"2025-06-24T13:43:05","slug":"o-nama","status":"publish","type":"page","link":"https:\/\/studij-brodogradnje.fsb.unizg.hr\/?page_id=92","title":{"rendered":"O nama"},"content":{"rendered":"\n<p><\/p>\n\n\n\n<div style=\"height:60px\" aria-hidden=\"true\" class=\"wp-block-spacer\"><\/div>\n\n\n\n<div class=\"wp-block-columns\">\n<div class=\"wp-block-column\" style=\"flex-basis:66.66%\">\n<p>Zavod za brodogradnju i pomorsku tehniku objedinjuje pet Katedri koje su, osim nastave, nosioci stru\u010dnog i znanstvenog rada svojih \u010dlanova. Zajedni\u010dke odrednice studija brodogradnje su: brojnost izbornih kolegija, mentorsko vo\u0111enje studenata, izvrsna laboratorijska infrastruktura te uklju\u010divanja studenata vi\u0161ih godina u istra\u017eiva\u010dke i stru\u010dne projekte.<\/p>\n\n\n\n<p><strong><a href=\"https:\/\/studij-brodogradnje.fsb.unizg.hr\/?page_id=553\" target=\"_blank\" rel=\"noreferrer noopener\">Katedra za konstrukciju plovnih objekata<\/a><\/strong> obuhva\u0107a kolegije kroz koje se stje\u010du znanja o projektiranju konstrukcije brodova i drugih plovnih objekata, analiti\u010dkim, numeri\u010dkim i eksperimentalnim metodama odre\u0111ivanja \u010dvrsto\u0107e, vibracija i dinami\u010dke izdr\u017eljivosti brodskih konstrukcija, kao i znanja o sigurnosti, pouzdanosti i optimizaciji konstrukcija plovnih objekata za razli\u010dita mehani\u010dka i valna optere\u0107enja.<\/p>\n\n\n\n<p><strong><a href=\"https:\/\/studij-brodogradnje.fsb.unizg.hr\/?page_id=553#hidra_katedra\" target=\"_blank\" rel=\"noreferrer noopener\">Katedra za hidromehaniku plovnih objekata<\/a> <\/strong>objedinjuje teorijske kolegije vezane uz mehaniku fluida, kolegije vezane uz temelje struke kao \u0161to su geometrija broda, plovnost i stabilitet broda, otpor i propulzija broda te brodski propulzori kao i izborne kolegije vezane uz brze brodove, ra\u010dunalnu dinamiku fluida, sredstva pomorskog prometa te obnovljivu energiju mora. Znanstveno-istra\u017eiva\u010dki rad Katedre usmjeren je prema ra\u010dunalnoj i eksperimentalnoj brodskoj hidromehanici te obnovljivoj energiji mora.<\/p>\n\n\n\n<p><strong><strong><a href=\"https:\/\/studij-brodogradnje.fsb.unizg.hr\/?page_id=553#gradnja_katedra\" target=\"_blank\" rel=\"noreferrer noopener\">Katedra za gradnju plovnih objekata<\/a><\/strong><\/strong> objedinjuje kolegije vezane za gradnju broda, brodogra\u0111evnu i pomorsku tehnologiju, remont i opremanje broda, te organizaciju brodogra\u0111evnog procesa. Katedra organizira industrijsku praksu u brodogradili\u0161tima i projektnim uredima te provodi terensku nastavu.<\/p>\n\n\n\n<p><strong><a href=\"https:\/\/studij-brodogradnje.fsb.unizg.hr\/?page_id=553#osnivanje_katedra\">Katedra za osnivanje plovnih objekata i morsku tehniku<\/a><\/strong> objedinjuje kolegije iz pomorstvenosti plovnih objekata, opreme broda, osnivanja broda i pomorskih objekata. Aktivnost Katedre ogleda se u projektiranju specijaliziranih i sofisticiranih brodova, upravljivosti i pona\u0161anju broda na valovima te projektima morske tehnike. U okviru Katedre djeluje Laboratorij za tehnologiju mora.<\/p>\n\n\n\n<p><strong><strong><a rel=\"noreferrer noopener\" href=\"https:\/\/studij-brodogradnje.fsb.unizg.hr\/?page_id=553#stroj_katedra\" target=\"_blank\">Katedra za strojeve i ure\u0111aje plovnih objekata<\/a><\/strong> <\/strong>izvodi kolegije usmjerene na brodske energetske sustave u cilju osnivanja, kori\u0161tenja i upravljanja njihovih energetski u\u010dinkovitih, ekolo\u0161ki prihvatljivih i odr\u017eivih konfiguracija, kao i niz kolegija koji \u010dine okosnicu brodostrojarskog smjera studija strojarstva. Katedra raspola\u017ee suvremenim programskim paketima za in\u017eenjersku optimizaciju, akusti\u010dke analize, cjelo\u017eivotne analize i sl., kao i mjernim sustavima za analizu potro\u0161nje goriva, analizu sastava ispu\u0161nih plinova i itd., \u010dija se primjena ilustrira u nastavnom procesu.<\/p>\n\n\n\n<p>U okviru Zavoda za brodogradnju i pomorsku tehniku djeluje <strong><a rel=\"noreferrer noopener\" href=\"https:\/\/orchid.fsb.hr\/\" target=\"_blank\">Regionalni centar za laboratorijska istra\u017eivanja u hidromehanici &#8211; ORCHID<\/a><\/strong>, kojega je najvrjednija komponenta bazen za modelska ispitivanja s generatorom valova. Ta vrijedna i jedinstvena znanstveno-istra\u017eiva\u010dka infrastruktura omogu\u0107uje nastavnicima, istra\u017eiva\u010dima i studentima rad u podru\u010dju eksperimentalne hidromehanike, poput odre\u0111ivanje hidrodinami\u010dkih zna\u010dajki inovativnih plovila i pu\u010dinskih objekata, modeliranje i analizu sustava za pretvorbu energije valova, ispitivanja autonomnih plovila i drugo.<\/p>\n<\/div>\n\n\n\n<div class=\"wp-block-column\" style=\"flex-basis:33.33%\">\n<figure class=\"wp-block-image size-large\"><img loading=\"lazy\" width=\"1024\" height=\"683\" src=\"https:\/\/studij-brodogradnje.fsb.unizg.hr\/wp-content\/uploads\/sites\/40\/2024\/11\/michal-vrba-D2EiTwTVDNw-unsplash-1024x683.jpg\" alt=\"\" class=\"wp-image-661\" srcset=\"https:\/\/studij-brodogradnje.fsb.unizg.hr\/wp-content\/uploads\/sites\/40\/2024\/11\/michal-vrba-D2EiTwTVDNw-unsplash-1024x683.jpg 1024w, https:\/\/studij-brodogradnje.fsb.unizg.hr\/wp-content\/uploads\/sites\/40\/2024\/11\/michal-vrba-D2EiTwTVDNw-unsplash-300x200.jpg 300w, https:\/\/studij-brodogradnje.fsb.unizg.hr\/wp-content\/uploads\/sites\/40\/2024\/11\/michal-vrba-D2EiTwTVDNw-unsplash-768x512.jpg 768w, https:\/\/studij-brodogradnje.fsb.unizg.hr\/wp-content\/uploads\/sites\/40\/2024\/11\/michal-vrba-D2EiTwTVDNw-unsplash-1536x1024.jpg 1536w, https:\/\/studij-brodogradnje.fsb.unizg.hr\/wp-content\/uploads\/sites\/40\/2024\/11\/michal-vrba-D2EiTwTVDNw-unsplash-2048x1365.jpg 2048w, https:\/\/studij-brodogradnje.fsb.unizg.hr\/wp-content\/uploads\/sites\/40\/2024\/11\/michal-vrba-D2EiTwTVDNw-unsplash-930x620.jpg 930w\" sizes=\"(max-width: 1024px) 100vw, 1024px\" \/><\/figure>\n\n\n\n<figure class=\"wp-block-image size-large\"><img loading=\"lazy\" width=\"1024\" height=\"683\" src=\"https:\/\/studij-brodogradnje.fsb.unizg.hr\/wp-content\/uploads\/sites\/40\/2024\/11\/jesse-de-meulenaere-IaTiYqRTL8-unsplash-1024x683.jpg\" alt=\"\" class=\"wp-image-626\" srcset=\"https:\/\/studij-brodogradnje.fsb.unizg.hr\/wp-content\/uploads\/sites\/40\/2024\/11\/jesse-de-meulenaere-IaTiYqRTL8-unsplash-1024x683.jpg 1024w, https:\/\/studij-brodogradnje.fsb.unizg.hr\/wp-content\/uploads\/sites\/40\/2024\/11\/jesse-de-meulenaere-IaTiYqRTL8-unsplash-300x200.jpg 300w, https:\/\/studij-brodogradnje.fsb.unizg.hr\/wp-content\/uploads\/sites\/40\/2024\/11\/jesse-de-meulenaere-IaTiYqRTL8-unsplash-768x512.jpg 768w, https:\/\/studij-brodogradnje.fsb.unizg.hr\/wp-content\/uploads\/sites\/40\/2024\/11\/jesse-de-meulenaere-IaTiYqRTL8-unsplash-1536x1024.jpg 1536w, https:\/\/studij-brodogradnje.fsb.unizg.hr\/wp-content\/uploads\/sites\/40\/2024\/11\/jesse-de-meulenaere-IaTiYqRTL8-unsplash-2048x1365.jpg 2048w, https:\/\/studij-brodogradnje.fsb.unizg.hr\/wp-content\/uploads\/sites\/40\/2024\/11\/jesse-de-meulenaere-IaTiYqRTL8-unsplash-930x620.jpg 930w\" sizes=\"(max-width: 1024px) 100vw, 1024px\" \/><\/figure>\n\n\n\n<figure class=\"wp-block-image size-large\"><img loading=\"lazy\" width=\"1024\" height=\"660\" src=\"https:\/\/studij-brodogradnje.fsb.unizg.hr\/wp-content\/uploads\/sites\/40\/2024\/11\/dominik-luckmann-SInhLTQouEk-unsplash-1024x660.jpg\" alt=\"\" class=\"wp-image-663\" srcset=\"https:\/\/studij-brodogradnje.fsb.unizg.hr\/wp-content\/uploads\/sites\/40\/2024\/11\/dominik-luckmann-SInhLTQouEk-unsplash-1024x660.jpg 1024w, https:\/\/studij-brodogradnje.fsb.unizg.hr\/wp-content\/uploads\/sites\/40\/2024\/11\/dominik-luckmann-SInhLTQouEk-unsplash-300x193.jpg 300w, https:\/\/studij-brodogradnje.fsb.unizg.hr\/wp-content\/uploads\/sites\/40\/2024\/11\/dominik-luckmann-SInhLTQouEk-unsplash-768x495.jpg 768w, https:\/\/studij-brodogradnje.fsb.unizg.hr\/wp-content\/uploads\/sites\/40\/2024\/11\/dominik-luckmann-SInhLTQouEk-unsplash-1536x990.jpg 1536w, https:\/\/studij-brodogradnje.fsb.unizg.hr\/wp-content\/uploads\/sites\/40\/2024\/11\/dominik-luckmann-SInhLTQouEk-unsplash-2048x1319.jpg 2048w\" sizes=\"(max-width: 1024px) 100vw, 1024px\" \/><\/figure>\n\n\n\n<figure class=\"wp-block-image size-large\"><img loading=\"lazy\" width=\"721\" height=\"1024\" src=\"https:\/\/studij-brodogradnje.fsb.unizg.hr\/wp-content\/uploads\/sites\/40\/2024\/11\/joakim-honkasalo-hyj_RRTzJjo-unsplash-721x1024.jpg\" alt=\"\" class=\"wp-image-660\" srcset=\"https:\/\/studij-brodogradnje.fsb.unizg.hr\/wp-content\/uploads\/sites\/40\/2024\/11\/joakim-honkasalo-hyj_RRTzJjo-unsplash-721x1024.jpg 721w, https:\/\/studij-brodogradnje.fsb.unizg.hr\/wp-content\/uploads\/sites\/40\/2024\/11\/joakim-honkasalo-hyj_RRTzJjo-unsplash-211x300.jpg 211w, https:\/\/studij-brodogradnje.fsb.unizg.hr\/wp-content\/uploads\/sites\/40\/2024\/11\/joakim-honkasalo-hyj_RRTzJjo-unsplash-768x1091.jpg 768w, https:\/\/studij-brodogradnje.fsb.unizg.hr\/wp-content\/uploads\/sites\/40\/2024\/11\/joakim-honkasalo-hyj_RRTzJjo-unsplash-1081x1536.jpg 1081w, https:\/\/studij-brodogradnje.fsb.unizg.hr\/wp-content\/uploads\/sites\/40\/2024\/11\/joakim-honkasalo-hyj_RRTzJjo-unsplash-1441x2048.jpg 1441w, https:\/\/studij-brodogradnje.fsb.unizg.hr\/wp-content\/uploads\/sites\/40\/2024\/11\/joakim-honkasalo-hyj_RRTzJjo-unsplash-scaled.jpg 1801w\" sizes=\"(max-width: 721px) 100vw, 721px\" \/><\/figure>\n\n\n\n<p><\/p>\n<\/div>\n<\/div>\n","protected":false},"excerpt":{"rendered":"<p>Zavod za brodogradnju i pomorsku tehniku objedinjuje pet Katedri koje su, osim nastave, nosioci stru\u010dnog i znanstvenog rada svojih \u010dlanova. Zajedni\u010dke odrednice studija brodogradnje su: brojnost izbornih kolegija, mentorsko vo\u0111enje studenata, izvrsna laboratorijska infrastruktura te uklju\u010divanja studenata vi\u0161ih godina u istra\u017eiva\u010dke i stru\u010dne projekte. Katedra za konstrukciju plovnih objekata obuhva\u0107a kolegije kroz koje se stje\u010du&hellip;&nbsp;<a href=\"https:\/\/studij-brodogradnje.fsb.unizg.hr\/?page_id=92\" rel=\"bookmark\">Read More &raquo;<span class=\"screen-reader-text\">O nama<\/span><\/a><\/p>\n","protected":false},"author":80,"featured_media":0,"parent":0,"menu_order":0,"comment_status":"closed","ping_status":"closed","template":"","meta":{"neve_meta_sidebar":"","neve_meta_container":"","neve_meta_enable_content_width":"","neve_meta_content_width":0,"neve_meta_title_alignment":"","neve_meta_author_avatar":"","neve_post_elements_order":"","neve_meta_disable_header":"","neve_meta_disable_footer":"","neve_meta_disable_title":""},"yoast_head":"<!-- This site is optimized with the Yoast SEO plugin v15.9.2 - https:\/\/yoast.com\/wordpress\/plugins\/seo\/ -->\n<title>O nama - Zavod za brodogradnju i pomorsku tehniku<\/title>\n<meta name=\"robots\" content=\"index, follow, max-snippet:-1, max-image-preview:large, max-video-preview:-1\" \/>\n<link rel=\"canonical\" href=\"https:\/\/studij-brodogradnje.fsb.unizg.hr\/?page_id=92\" \/>\n<meta property=\"og:locale\" content=\"en_GB\" \/>\n<meta property=\"og:type\" content=\"article\" \/>\n<meta property=\"og:title\" content=\"O nama - Zavod za brodogradnju i pomorsku tehniku\" \/>\n<meta property=\"og:description\" content=\"Zavod za brodogradnju i pomorsku tehniku objedinjuje pet Katedri koje su, osim nastave, nosioci stru\u010dnog i znanstvenog rada svojih \u010dlanova. Zajedni\u010dke odrednice studija brodogradnje su: brojnost izbornih kolegija, mentorsko vo\u0111enje studenata, izvrsna laboratorijska infrastruktura te uklju\u010divanja studenata vi\u0161ih godina u istra\u017eiva\u010dke i stru\u010dne projekte. Katedra za konstrukciju plovnih objekata obuhva\u0107a kolegije kroz koje se stje\u010du&hellip;&nbsp;Read More &raquo;O nama\" \/>\n<meta property=\"og:url\" content=\"https:\/\/studij-brodogradnje.fsb.unizg.hr\/?page_id=92\" \/>\n<meta property=\"og:site_name\" content=\"Zavod za brodogradnju i pomorsku tehniku\" \/>\n<meta property=\"article:modified_time\" content=\"2025-06-24T13:43:05+00:00\" \/>\n<meta property=\"og:image\" content=\"https:\/\/studij-brodogradnje.fsb.unizg.hr\/wp-content\/uploads\/sites\/40\/2024\/11\/michal-vrba-D2EiTwTVDNw-unsplash-1024x683.jpg\" \/>\n<meta name=\"twitter:card\" content=\"summary_large_image\" \/>\n<meta name=\"twitter:label1\" content=\"Estimated reading time\">\n\t<meta name=\"twitter:data1\" content=\"3 minutes\">\n<script type=\"application\/ld+json\" class=\"yoast-schema-graph\">{\"@context\":\"https:\/\/schema.org\",\"@graph\":[{\"@type\":\"WebSite\",\"@id\":\"https:\/\/studij-brodogradnje.fsb.unizg.hr\/#website\",\"url\":\"https:\/\/studij-brodogradnje.fsb.unizg.hr\/\",\"name\":\"Zavod za brodogradnju i pomorsku tehniku\",\"description\":\"Studij brodogradnje\",\"potentialAction\":[{\"@type\":\"SearchAction\",\"target\":\"https:\/\/studij-brodogradnje.fsb.unizg.hr\/?s={search_term_string}\",\"query-input\":\"required name=search_term_string\"}],\"inLanguage\":\"en-GB\"},{\"@type\":\"ImageObject\",\"@id\":\"https:\/\/studij-brodogradnje.fsb.unizg.hr\/?page_id=92#primaryimage\",\"inLanguage\":\"en-GB\",\"url\":\"https:\/\/studij-brodogradnje.fsb.unizg.hr\/wp-content\/uploads\/sites\/40\/2024\/11\/michal-vrba-D2EiTwTVDNw-unsplash-scaled.jpg\",\"width\":2560,\"height\":1707},{\"@type\":\"WebPage\",\"@id\":\"https:\/\/studij-brodogradnje.fsb.unizg.hr\/?page_id=92#webpage\",\"url\":\"https:\/\/studij-brodogradnje.fsb.unizg.hr\/?page_id=92\",\"name\":\"O nama - Zavod za brodogradnju i pomorsku tehniku\",\"isPartOf\":{\"@id\":\"https:\/\/studij-brodogradnje.fsb.unizg.hr\/#website\"},\"primaryImageOfPage\":{\"@id\":\"https:\/\/studij-brodogradnje.fsb.unizg.hr\/?page_id=92#primaryimage\"},\"datePublished\":\"2024-02-07T10:44:07+00:00\",\"dateModified\":\"2025-06-24T13:43:05+00:00\",\"breadcrumb\":{\"@id\":\"https:\/\/studij-brodogradnje.fsb.unizg.hr\/?page_id=92#breadcrumb\"},\"inLanguage\":\"en-GB\",\"potentialAction\":[{\"@type\":\"ReadAction\",\"target\":[\"https:\/\/studij-brodogradnje.fsb.unizg.hr\/?page_id=92\"]}]},{\"@type\":\"BreadcrumbList\",\"@id\":\"https:\/\/studij-brodogradnje.fsb.unizg.hr\/?page_id=92#breadcrumb\",\"itemListElement\":[{\"@type\":\"ListItem\",\"position\":1,\"item\":{\"@type\":\"WebPage\",\"@id\":\"https:\/\/studij-brodogradnje.fsb.unizg.hr\/\",\"url\":\"https:\/\/studij-brodogradnje.fsb.unizg.hr\/\",\"name\":\"Home\"}},{\"@type\":\"ListItem\",\"position\":2,\"item\":{\"@type\":\"WebPage\",\"@id\":\"https:\/\/studij-brodogradnje.fsb.unizg.hr\/?page_id=92\",\"url\":\"https:\/\/studij-brodogradnje.fsb.unizg.hr\/?page_id=92\",\"name\":\"O nama\"}}]}]}<\/script>\n<!-- \/ Yoast SEO plugin. -->","_links":{"self":[{"href":"https:\/\/studij-brodogradnje.fsb.unizg.hr\/index.php?rest_route=\/wp\/v2\/pages\/92"}],"collection":[{"href":"https:\/\/studij-brodogradnje.fsb.unizg.hr\/index.php?rest_route=\/wp\/v2\/pages"}],"about":[{"href":"https:\/\/studij-brodogradnje.fsb.unizg.hr\/index.php?rest_route=\/wp\/v2\/types\/page"}],"author":[{"embeddable":true,"href":"https:\/\/studij-brodogradnje.fsb.unizg.hr\/index.php?rest_route=\/wp\/v2\/users\/80"}],"replies":[{"embeddable":true,"href":"https:\/\/studij-brodogradnje.fsb.unizg.hr\/index.php?rest_route=%2Fwp%2Fv2%2Fcomments&post=92"}],"version-history":[{"count":19,"href":"https:\/\/studij-brodogradnje.fsb.unizg.hr\/index.php?rest_route=\/wp\/v2\/pages\/92\/revisions"}],"predecessor-version":[{"id":746,"href":"https:\/\/studij-brodogradnje.fsb.unizg.hr\/index.php?rest_route=\/wp\/v2\/pages\/92\/revisions\/746"}],"wp:attachment":[{"href":"https:\/\/studij-brodogradnje.fsb.unizg.hr\/index.php?rest_route=%2Fwp%2Fv2%2Fmedia&parent=92"}],"curies":[{"name":"wp","href":"https:\/\/api.w.org\/{rel}","templated":true}]}}