{"id":94,"date":"2024-02-07T11:44:07","date_gmt":"2024-02-07T10:44:07","guid":{"rendered":"https:\/\/studij-brodogradnje.fsb.unizg.hr\/?page_id=94"},"modified":"2024-02-08T00:23:53","modified_gmt":"2024-02-07T23:23:53","slug":"znanost","status":"publish","type":"page","link":"https:\/\/studij-brodogradnje.fsb.unizg.hr\/?page_id=94","title":{"rendered":"Znanost"},"content":{"rendered":"\n<p style=\"font-size:18px\"><strong>Aktivni projekti:<\/strong><\/p>\n\n\n\n<ul><li>12\/2023 &#8211; 12\/2027 &#8211; <em><a href=\"https:\/\/www.croris.hr\/projekti\/projekt\/9322\" target=\"_blank\" rel=\"noreferrer noopener\">Pomorska primjena plutaju\u0107ih solarnih fotonaponskih sustava (MARSOL)<\/a><\/em>, Hrvatska zaklada za znanost, Voditelj: Ivan \u0106atipovi\u0107<\/li><li>11\/2023-05\/2026 &#8211; <em><a href=\"https:\/\/e-tandem.eu\/\" target=\"_blank\" rel=\"noreferrer noopener\">HYBRID TANDEM CATALYTIC CONVERSION PROCESS TOWARDS HIGHER OXYGENATE E-FUELS (E-TANDEM)<\/a><\/em>, Europska Unija, HORIZON Research and Innovation Actions, Voditelj na ustanovi: Nikola Vladimir<\/li><li>03\/2021 &#8211; 03\/2025 &#8211; <em><a href=\"https:\/\/starship.fsb.hr\/hr\/pocetna\/\" target=\"_blank\" rel=\"noreferrer noopener\">Odr\u017eiva plovidba smanjenom brzinom za nisko-uglji\u010dno brodarstvo (STARSHIP)<\/a><\/em>, Hrvatska zaklada za znanost, UIP-2020-02-8568, Voditelj: Nastia Degiuli <\/li><li>12\/2019 &#8211; 12\/2024 &#8211; <em><a href=\"https:\/\/antyard.fsb.hr\/\" target=\"_blank\" rel=\"noreferrer noopener\">Napredne metode za projektiranje profitabilnog, energetski efikasnog i okoli\u0161no prihvatljivog brodogra\u0111evnog proizvodnog procesa (ANTYARD)<\/a><\/em>, Hrvatska zaklada za znanost, UIP-2019-04-6573, Voditelj: Neven Had\u017ei\u0107<\/li><\/ul>\n\n\n\n<p><\/p>\n","protected":false},"excerpt":{"rendered":"<p>Aktivni projekti: 12\/2023 &#8211; 12\/2027 &#8211; Pomorska primjena plutaju\u0107ih solarnih fotonaponskih sustava (MARSOL), Hrvatska zaklada za znanost, Voditelj: Ivan \u0106atipovi\u0107 11\/2023-05\/2026 &#8211; HYBRID TANDEM CATALYTIC CONVERSION PROCESS TOWARDS HIGHER OXYGENATE E-FUELS (E-TANDEM), Europska Unija, HORIZON Research and Innovation Actions, Voditelj na ustanovi: Nikola Vladimir 03\/2021 &#8211; 03\/2025 &#8211; Odr\u017eiva plovidba smanjenom brzinom za nisko-uglji\u010dno brodarstvo&hellip;&nbsp;<a href=\"https:\/\/studij-brodogradnje.fsb.unizg.hr\/?page_id=94\" rel=\"bookmark\">Read More &raquo;<span class=\"screen-reader-text\">Znanost<\/span><\/a><\/p>\n","protected":false},"author":80,"featured_media":0,"parent":0,"menu_order":0,"comment_status":"closed","ping_status":"closed","template":"","meta":{"neve_meta_sidebar":"","neve_meta_container":"","neve_meta_enable_content_width":"","neve_meta_content_width":0,"neve_meta_title_alignment":"","neve_meta_author_avatar":"","neve_post_elements_order":"","neve_meta_disable_header":"","neve_meta_disable_footer":"","neve_meta_disable_title":""},"yoast_head":"<!-- This site is optimized with the Yoast SEO plugin v15.9.2 - https:\/\/yoast.com\/wordpress\/plugins\/seo\/ -->\n<title>Znanost - Zavod za brodogradnju i pomorsku tehniku<\/title>\n<meta name=\"robots\" content=\"index, follow, max-snippet:-1, max-image-preview:large, max-video-preview:-1\" \/>\n<link rel=\"canonical\" href=\"https:\/\/studij-brodogradnje.fsb.unizg.hr\/?page_id=94\" \/>\n<meta property=\"og:locale\" content=\"en_GB\" \/>\n<meta property=\"og:type\" content=\"article\" \/>\n<meta property=\"og:title\" content=\"Znanost - Zavod za brodogradnju i pomorsku tehniku\" \/>\n<meta property=\"og:description\" content=\"Aktivni projekti: 12\/2023 &#8211; 12\/2027 &#8211; Pomorska primjena plutaju\u0107ih solarnih fotonaponskih sustava (MARSOL), Hrvatska zaklada za znanost, Voditelj: Ivan \u0106atipovi\u0107 11\/2023-05\/2026 &#8211; HYBRID TANDEM CATALYTIC CONVERSION PROCESS TOWARDS HIGHER OXYGENATE E-FUELS (E-TANDEM), Europska Unija, HORIZON Research and Innovation Actions, Voditelj na ustanovi: Nikola Vladimir 03\/2021 &#8211; 03\/2025 &#8211; Odr\u017eiva plovidba smanjenom brzinom za nisko-uglji\u010dno brodarstvo&hellip;&nbsp;Read More &raquo;Znanost\" \/>\n<meta property=\"og:url\" content=\"https:\/\/studij-brodogradnje.fsb.unizg.hr\/?page_id=94\" \/>\n<meta property=\"og:site_name\" content=\"Zavod za brodogradnju i pomorsku tehniku\" \/>\n<meta property=\"article:modified_time\" content=\"2024-02-07T23:23:53+00:00\" \/>\n<meta name=\"twitter:card\" content=\"summary_large_image\" \/>\n<meta name=\"twitter:label1\" content=\"Estimated reading time\">\n\t<meta name=\"twitter:data1\" content=\"1 minute\">\n<script type=\"application\/ld+json\" class=\"yoast-schema-graph\">{\"@context\":\"https:\/\/schema.org\",\"@graph\":[{\"@type\":\"WebSite\",\"@id\":\"https:\/\/studij-brodogradnje.fsb.unizg.hr\/#website\",\"url\":\"https:\/\/studij-brodogradnje.fsb.unizg.hr\/\",\"name\":\"Zavod za brodogradnju i pomorsku tehniku\",\"description\":\"Studij brodogradnje\",\"potentialAction\":[{\"@type\":\"SearchAction\",\"target\":\"https:\/\/studij-brodogradnje.fsb.unizg.hr\/?s={search_term_string}\",\"query-input\":\"required name=search_term_string\"}],\"inLanguage\":\"en-GB\"},{\"@type\":\"WebPage\",\"@id\":\"https:\/\/studij-brodogradnje.fsb.unizg.hr\/?page_id=94#webpage\",\"url\":\"https:\/\/studij-brodogradnje.fsb.unizg.hr\/?page_id=94\",\"name\":\"Znanost - Zavod za brodogradnju i pomorsku tehniku\",\"isPartOf\":{\"@id\":\"https:\/\/studij-brodogradnje.fsb.unizg.hr\/#website\"},\"datePublished\":\"2024-02-07T10:44:07+00:00\",\"dateModified\":\"2024-02-07T23:23:53+00:00\",\"breadcrumb\":{\"@id\":\"https:\/\/studij-brodogradnje.fsb.unizg.hr\/?page_id=94#breadcrumb\"},\"inLanguage\":\"en-GB\",\"potentialAction\":[{\"@type\":\"ReadAction\",\"target\":[\"https:\/\/studij-brodogradnje.fsb.unizg.hr\/?page_id=94\"]}]},{\"@type\":\"BreadcrumbList\",\"@id\":\"https:\/\/studij-brodogradnje.fsb.unizg.hr\/?page_id=94#breadcrumb\",\"itemListElement\":[{\"@type\":\"ListItem\",\"position\":1,\"item\":{\"@type\":\"WebPage\",\"@id\":\"https:\/\/studij-brodogradnje.fsb.unizg.hr\/\",\"url\":\"https:\/\/studij-brodogradnje.fsb.unizg.hr\/\",\"name\":\"Home\"}},{\"@type\":\"ListItem\",\"position\":2,\"item\":{\"@type\":\"WebPage\",\"@id\":\"https:\/\/studij-brodogradnje.fsb.unizg.hr\/?page_id=94\",\"url\":\"https:\/\/studij-brodogradnje.fsb.unizg.hr\/?page_id=94\",\"name\":\"Znanost\"}}]}]}<\/script>\n<!-- \/ Yoast SEO plugin. -->","_links":{"self":[{"href":"https:\/\/studij-brodogradnje.fsb.unizg.hr\/index.php?rest_route=\/wp\/v2\/pages\/94"}],"collection":[{"href":"https:\/\/studij-brodogradnje.fsb.unizg.hr\/index.php?rest_route=\/wp\/v2\/pages"}],"about":[{"href":"https:\/\/studij-brodogradnje.fsb.unizg.hr\/index.php?rest_route=\/wp\/v2\/types\/page"}],"author":[{"embeddable":true,"href":"https:\/\/studij-brodogradnje.fsb.unizg.hr\/index.php?rest_route=\/wp\/v2\/users\/80"}],"replies":[{"embeddable":true,"href":"https:\/\/studij-brodogradnje.fsb.unizg.hr\/index.php?rest_route=%2Fwp%2Fv2%2Fcomments&post=94"}],"version-history":[{"count":2,"href":"https:\/\/studij-brodogradnje.fsb.unizg.hr\/index.php?rest_route=\/wp\/v2\/pages\/94\/revisions"}],"predecessor-version":[{"id":227,"href":"https:\/\/studij-brodogradnje.fsb.unizg.hr\/index.php?rest_route=\/wp\/v2\/pages\/94\/revisions\/227"}],"wp:attachment":[{"href":"https:\/\/studij-brodogradnje.fsb.unizg.hr\/index.php?rest_route=%2Fwp%2Fv2%2Fmedia&parent=94"}],"curies":[{"name":"wp","href":"https:\/\/api.w.org\/{rel}","templated":true}]}}